{"id":262,"date":"2020-07-08T20:21:45","date_gmt":"2020-07-08T20:21:45","guid":{"rendered":"http:\/\/videojuegos.utalca.cl\/?page_id=262"},"modified":"2022-03-07T17:20:11","modified_gmt":"2022-03-07T17:20:11","slug":"investigacion","status":"publish","type":"page","link":"http:\/\/videojuegos.utalca.cl\/index.php\/investigacion\/","title":{"rendered":"Investigaci\u00f3n"},"content":{"rendered":"\t\t<div data-elementor-type=\"wp-page\" data-elementor-id=\"262\" class=\"elementor elementor-262\" data-elementor-post-type=\"page\">\n\t\t\t\t\t\t<section class=\"elementor-section elementor-top-section elementor-element elementor-element-0753b25 elementor-section-stretched elementor-section-full_width elementor-section-height-default elementor-section-height-default\" data-id=\"0753b25\" data-element_type=\"section\" data-settings=\"{&quot;stretch_section&quot;:&quot;section-stretched&quot;}\">\n\t\t\t\t\t\t<div class=\"elementor-container elementor-column-gap-no\">\n\t\t\t\t\t<div class=\"elementor-column elementor-col-100 elementor-top-column elementor-element elementor-element-b1286da\" data-id=\"b1286da\" data-element_type=\"column\">\n\t\t\t<div class=\"elementor-widget-wrap elementor-element-populated\">\n\t\t\t\t\t\t<div class=\"elementor-element elementor-element-802de5d elementor-widget elementor-widget-template\" data-id=\"802de5d\" data-element_type=\"widget\" data-widget_type=\"template.default\">\n\t\t\t\t<div class=\"elementor-widget-container\">\n\t\t\t\t\t<div class=\"elementor-template\">\n\t\t\t\t\t<div data-elementor-type=\"section\" data-elementor-id=\"30\" class=\"elementor elementor-30\" data-elementor-post-type=\"elementor_library\">\n\t\t\t\t\t<section class=\"elementor-section elementor-top-section elementor-element elementor-element-8080ce0 elementor-section-stretched elementor-section-full_width elementor-section-height-min-height elementor-section-items-top elementor-section-height-default\" data-id=\"8080ce0\" data-element_type=\"section\" data-settings=\"{&quot;stretch_section&quot;:&quot;section-stretched&quot;}\">\n\t\t\t\t\t\t<div class=\"elementor-container elementor-column-gap-no\">\n\t\t\t\t\t<div class=\"elementor-column elementor-col-100 elementor-top-column elementor-element elementor-element-ff464f8\" data-id=\"ff464f8\" data-element_type=\"column\">\n\t\t\t<div class=\"elementor-widget-wrap elementor-element-populated\">\n\t\t\t\t\t\t<div class=\"elementor-element elementor-element-bd42d46 elementor--h-position-center elementor--v-position-middle elementor-widget elementor-widget-slides\" data-id=\"bd42d46\" data-element_type=\"widget\" data-settings=\"{&quot;navigation&quot;:&quot;none&quot;,&quot;autoplay&quot;:&quot;yes&quot;,&quot;pause_on_hover&quot;:&quot;yes&quot;,&quot;pause_on_interaction&quot;:&quot;yes&quot;,&quot;autoplay_speed&quot;:5000,&quot;infinite&quot;:&quot;yes&quot;,&quot;transition&quot;:&quot;slide&quot;,&quot;transition_speed&quot;:500}\" data-widget_type=\"slides.default\">\n\t\t\t\t<div class=\"elementor-widget-container\">\n\t\t\t\t\t<div class=\"elementor-swiper\">\n\t\t\t<div class=\"elementor-slides-wrapper elementor-main-swiper swiper\" dir=\"ltr\" data-animation=\"fadeInUp\">\n\t\t\t\t<div class=\"swiper-wrapper elementor-slides\">\n\t\t\t\t\t\t\t\t\t\t<div class=\"elementor-repeater-item-418dae7 swiper-slide\"><div class=\"swiper-slide-bg\" role=\"img\"><\/div><div class=\"elementor-background-overlay\"><\/div><div class=\"swiper-slide-inner\" ><div class=\"swiper-slide-contents\"><\/div><\/div><\/div><div class=\"elementor-repeater-item-95ac2a2 swiper-slide\"><div class=\"swiper-slide-bg\" role=\"img\"><\/div><div class=\"elementor-background-overlay\"><\/div><div class=\"swiper-slide-inner\" ><div class=\"swiper-slide-contents\"><\/div><\/div><\/div><div class=\"elementor-repeater-item-38e8703 swiper-slide\"><div class=\"swiper-slide-bg\" role=\"img\"><\/div><div class=\"elementor-background-overlay\"><\/div><div class=\"swiper-slide-inner\" ><div class=\"swiper-slide-contents\"><\/div><\/div><\/div>\t\t\t\t<\/div>\n\t\t\t\t\t\t\t\t\t\t\t\t\t\t\t\t\t\t\t\t\t<\/div>\n\t\t<\/div>\n\t\t\t\t<\/div>\n\t\t\t\t<\/div>\n\t\t\t\t<section class=\"elementor-section elementor-inner-section elementor-element elementor-element-89a94c0 elementor-section-boxed elementor-section-height-default elementor-section-height-default\" data-id=\"89a94c0\" data-element_type=\"section\">\n\t\t\t\t\t\t<div class=\"elementor-container elementor-column-gap-default\">\n\t\t\t\t\t<div class=\"elementor-column elementor-col-100 elementor-inner-column elementor-element elementor-element-ef5c6b5\" data-id=\"ef5c6b5\" data-element_type=\"column\">\n\t\t\t<div class=\"elementor-widget-wrap elementor-element-populated\">\n\t\t\t\t\t\t<div class=\"elementor-element elementor-element-85a63f9 elementor-widget elementor-widget-heading\" data-id=\"85a63f9\" data-element_type=\"widget\" data-widget_type=\"heading.default\">\n\t\t\t\t<div class=\"elementor-widget-container\">\n\t\t\t<h2 class=\"elementor-heading-title elementor-size-default\">Ingenier\u00eda en Desarrollo de Videojuegos y Realidad Virtual<\/h2>\t\t<\/div>\n\t\t\t\t<\/div>\n\t\t\t\t<div class=\"elementor-element elementor-element-a383781 elementor-widget elementor-widget-writing-effect-headline\" data-id=\"a383781\" data-element_type=\"widget\" data-widget_type=\"writing-effect-headline.default\">\n\t\t\t\t<div class=\"elementor-widget-container\">\n\t\t\t        <h3 class=\"futurio-extra-written-headline\" data-speed=\"50\" data-delay=\"1000\" data-loop=\"1\">\r\n        \r\n                    <span class=\"written-lines\">CREATIVIDAD\nINNOVACI\u00d3N\nDESARROLLO<\/span>\r\n        \r\n                <\/h3>\r\n        \t\t<\/div>\n\t\t\t\t<\/div>\n\t\t\t\t\t<\/div>\n\t\t<\/div>\n\t\t\t\t\t<\/div>\n\t\t<\/section>\n\t\t\t\t\t<\/div>\n\t\t<\/div>\n\t\t\t\t\t<\/div>\n\t\t<\/section>\n\t\t\t\t<section class=\"elementor-section elementor-top-section elementor-element elementor-element-8d99a03 elementor-section-boxed elementor-section-height-default elementor-section-height-default\" data-id=\"8d99a03\" data-element_type=\"section\">\n\t\t\t\t\t\t<div class=\"elementor-container elementor-column-gap-default\">\n\t\t\t\t\t<div class=\"elementor-column elementor-col-100 elementor-top-column elementor-element elementor-element-c30e4a5\" data-id=\"c30e4a5\" data-element_type=\"column\">\n\t\t\t<div class=\"elementor-widget-wrap elementor-element-populated\">\n\t\t\t\t\t\t<div class=\"elementor-element elementor-element-a3764ec elementor-shape-rounded elementor-grid-0 e-grid-align-center elementor-widget elementor-widget-social-icons\" data-id=\"a3764ec\" data-element_type=\"widget\" data-widget_type=\"social-icons.default\">\n\t\t\t\t<div class=\"elementor-widget-container\">\n\t\t\t\t\t<div class=\"elementor-social-icons-wrapper elementor-grid\">\n\t\t\t\t\t\t\t<span class=\"elementor-grid-item\">\n\t\t\t\t\t<a class=\"elementor-icon elementor-social-icon elementor-social-icon-twitter elementor-repeater-item-b70a6fd\" href=\"https:\/\/twitter.com\/idvrv\" target=\"_blank\">\n\t\t\t\t\t\t<span class=\"elementor-screen-only\">Twitter<\/span>\n\t\t\t\t\t\t<i class=\"fab fa-twitter\"><\/i>\t\t\t\t\t<\/a>\n\t\t\t\t<\/span>\n\t\t\t\t\t\t\t<span class=\"elementor-grid-item\">\n\t\t\t\t\t<a class=\"elementor-icon elementor-social-icon elementor-social-icon-facebook elementor-repeater-item-3bc83eb\" href=\"https:\/\/www.facebook.com\/IngenieriaVideojuegosUTalca\" target=\"_blank\">\n\t\t\t\t\t\t<span class=\"elementor-screen-only\">Facebook<\/span>\n\t\t\t\t\t\t<i class=\"fab fa-facebook\"><\/i>\t\t\t\t\t<\/a>\n\t\t\t\t<\/span>\n\t\t\t\t\t\t\t<span class=\"elementor-grid-item\">\n\t\t\t\t\t<a class=\"elementor-icon elementor-social-icon elementor-social-icon-instagram elementor-repeater-item-c5bfbb8\" href=\"https:\/\/www.instagram.com\/videojuegosutalca?utm_source=ig_web_button_share_sheet&#038;igsh=ZDNlZDc0MzIxNw==\" target=\"_blank\">\n\t\t\t\t\t\t<span class=\"elementor-screen-only\">Instagram<\/span>\n\t\t\t\t\t\t<i class=\"fab fa-instagram\"><\/i>\t\t\t\t\t<\/a>\n\t\t\t\t<\/span>\n\t\t\t\t\t\t\t<span class=\"elementor-grid-item\">\n\t\t\t\t\t<a class=\"elementor-icon elementor-social-icon elementor-social-icon-youtube elementor-repeater-item-09c7d7e\" href=\"https:\/\/www.youtube.com\/channel\/UCQ22FHAfF-GmnyTQlmNPbCA\" target=\"_blank\">\n\t\t\t\t\t\t<span class=\"elementor-screen-only\">Youtube<\/span>\n\t\t\t\t\t\t<i class=\"fab fa-youtube\"><\/i>\t\t\t\t\t<\/a>\n\t\t\t\t<\/span>\n\t\t\t\t\t\t\t<span class=\"elementor-grid-item\">\n\t\t\t\t\t<a class=\"elementor-icon elementor-social-icon elementor-social-icon-envelope elementor-repeater-item-7107956\" href=\"mailto:videojuegos@utalca.cl\" target=\"_blank\">\n\t\t\t\t\t\t<span class=\"elementor-screen-only\">Envelope<\/span>\n\t\t\t\t\t\t<i class=\"fas fa-envelope\"><\/i>\t\t\t\t\t<\/a>\n\t\t\t\t<\/span>\n\t\t\t\t\t<\/div>\n\t\t\t\t<\/div>\n\t\t\t\t<\/div>\n\t\t\t\t\t<\/div>\n\t\t<\/div>\n\t\t\t\t\t<\/div>\n\t\t<\/section>\n\t\t\t\t<\/div>\n\t\t\t\t<\/div>\n\t\t\t\t<\/div>\n\t\t\t\t<\/div>\n\t\t\t\t\t<\/div>\n\t\t<\/div>\n\t\t\t\t\t<\/div>\n\t\t<\/section>\n\t\t\t\t<section class=\"elementor-section elementor-top-section elementor-element elementor-element-44c0020 elementor-section-boxed elementor-section-height-default elementor-section-height-default\" data-id=\"44c0020\" data-element_type=\"section\">\n\t\t\t\t\t\t<div class=\"elementor-container elementor-column-gap-default\">\n\t\t\t\t\t<div class=\"elementor-column elementor-col-100 elementor-top-column elementor-element elementor-element-76d1c8b\" data-id=\"76d1c8b\" data-element_type=\"column\">\n\t\t\t<div class=\"elementor-widget-wrap\">\n\t\t\t\t\t\t\t<\/div>\n\t\t<\/div>\n\t\t\t\t\t<\/div>\n\t\t<\/section>\n\t\t\t\t<section class=\"elementor-section elementor-top-section elementor-element elementor-element-aec636b elementor-section-boxed elementor-section-height-default elementor-section-height-default\" data-id=\"aec636b\" data-element_type=\"section\">\n\t\t\t\t\t\t<div class=\"elementor-container elementor-column-gap-default\">\n\t\t\t\t\t<div class=\"elementor-column elementor-col-100 elementor-top-column elementor-element elementor-element-a0604fa\" data-id=\"a0604fa\" data-element_type=\"column\">\n\t\t\t<div class=\"elementor-widget-wrap elementor-element-populated\">\n\t\t\t\t\t\t<div class=\"elementor-element elementor-element-99ba311 elementor-widget elementor-widget-heading\" data-id=\"99ba311\" data-element_type=\"widget\" data-widget_type=\"heading.default\">\n\t\t\t\t<div class=\"elementor-widget-container\">\n\t\t\t<h2 class=\"elementor-heading-title elementor-size-default\">Publicaciones<\/h2>\t\t<\/div>\n\t\t\t\t<\/div>\n\t\t\t\t<div class=\"elementor-element elementor-element-22c0e90 text-justify elementor-widget elementor-widget-advanced-text-block\" data-id=\"22c0e90\" data-element_type=\"widget\" data-widget_type=\"advanced-text-block.default\">\n\t\t\t\t<div class=\"elementor-widget-container\">\n\t\t\t<div class=\"futurio_extra_adv_text_block \" ><div class=\"text-content-block\"><p>Revistas Indexadas:<\/p><ul><li>An Evaluation of the Effects of a Virtual Museum on Users\u2019 Attitudes towards Cultural Heritage. <strong>F Besoain<\/strong>, J Gonz\u00e1lez-Ortega, I Gallardo. <em>Applied Sciences<\/em>, 2022. [<a href=\"https:\/\/doi.org\/10.3390\/app12031341\">DOI<\/a>][Scopus\/WoS]<\/li><li>Developing a virtual museum: Experience from the design and creation process.<strong> F Besoain, L Jego<\/strong>, I Gallardo. <em>Information,<\/em> 2021. [<a href=\"https:\/\/doi.org\/10.3390\/info12060244\">DOI<\/a>][Scopus]<\/li><li><a href=\"http:\/\/videojuegos.utalca.cl\/wp-content\/uploads\/2020\/07\/09067089.pdf\">Artificial Intelligence and Mobile Programming Courses for a Video Game Development Program in Chile<\/a>. <strong>NA Barriga<\/strong>, <strong>F Besoain<\/strong>. <em>Computing in Science &amp; Engineering<\/em>, 2020. [<a href=\"https:\/\/doi.org\/10.1109\/MCSE.2020.2986758\">DOI<\/a>] [Scopus\/WoS]<\/li><li><a href=\"http:\/\/videojuegos.utalca.cl\/wp-content\/uploads\/2020\/07\/ubesafe.pdf\">Prevention of HIV and Other Sexually Transmitted Infections by Geofencing and Contextualized Messages With a Gamified App, UBESAFE: Design and Creation Study<\/a>. <strong>F Besoain<\/strong>, A Perez-Navarro, CJ Avi\u00f1\u00f3, JA Cayl\u00e0, <strong>NA Barriga<\/strong>, P Garcia de Olalla. <em>JMIR mHealth and uHealth<\/em>, 2020. [<a href=\"https:\/\/doi.org\/10.2196\/14568\">DOI<\/a>] [Scopus\/WoS]<\/li><li><a href=\"http:\/\/videojuegos.utalca.cl\/wp-content\/uploads\/2020\/07\/accepted-thesis-abstract.pdf\">Search, Abstractions and Learning in Real-Time Strategy Games: A Dissertation Summary<\/a>. <strong>NA Barriga<\/strong>. <em>KI - K\u00fcnstliche Intelligenz<\/em>, 2019. [<a href=\"https:\/\/doi.org\/10.1007\/s13218-019-00614-0\">DOI<\/a>]<\/li><li><a href=\"http:\/\/videojuegos.utalca.cl\/wp-content\/uploads\/2020\/07\/ieee2019-improving-RTS-game-ai.pdf\">Improving RTS Game AI by Supervised Policy Learning, Tactical Search, and Deep Reinforcement Learning<\/a>. <strong>NA Barriga<\/strong>, M Stanescu, <strong>F Besoain<\/strong>, M Buro.<em> IEEE Computational Intelligence Magazine<\/em>, 2019. [<a href=\"https:\/\/doi.org\/10.1109\/MCI.2019.2919363\">DOI<\/a>] [Scopus\/WoS]<\/li><li><a href=\"http:\/\/videojuegos.utalca.cl\/wp-content\/uploads\/2020\/07\/pcg-preprint.pdf\">A Short Introduction to Procedural Content Generation Algorithms for Videogames<\/a>. <strong>NA Barriga. <\/strong><em>International Journal on Artificial Intelligence Tools<\/em>, 2019. [<a href=\"https:\/\/doi.org\/10.1142\/S0218213019300011\">DOI<\/a>] [Scopus\/WoS]<\/li><li>Geomfinder: a multi-feature identifier of similar three-dimensional protein patterns: a ligand-independent approach. G N\u00fa\u00f1ez-Vivanco, A Vald\u00e9s-Jim\u00e9nez,<strong> F Besoa\u00edn<\/strong>, M Reyes-Parada. <em>Journal of Cheminformatics<\/em>, 2016. [Scopus\/WoS]<\/li><\/ul><p>Conferencias Scopus:<\/p><ul><li>Design and Implementation of a technological system to get strong arguments towards healthy behaviors. <strong>F Besoain<\/strong>, I Gallardo. <em>IEEE CHILEAN Conference on Electrical, Electronics Engineering, Information and Communication Technologies (CHILECON),<\/em> 2021. [<a href=\"https:\/\/doi.org\/10.1109\/CHILECON54041.2021.9703052\">DOI<\/a>][Scopus]<\/li><li>Strategy for evaluation, characterization and adoption of immersive technologies to the public of the tourism industry in Maule Region.Y Stappung, <strong>F Besoain. <\/strong><em>IEEE CHILEAN Conference on Electrical, Electronics Engineering, Information and Communication Technologies (CHILECON),<\/em> 2021. [<a href=\"https:\/\/doi.org\/10.1109\/CHILECON54041.2021.9702947\">DOI<\/a>][Scopus]<\/li><li>Generating Entertaining Human-Like Sokoban Initial States. <strong>H Schaa, NA Barriga. <\/strong><em>International Conference of the Chilean Computer Science Society, SCCC,<\/em> 2021.[<a href=\"http:\/\/doi.org\/10.1109\/SCCC54552.2021.9650431\">DOI<\/a>][Scopus]<\/li><li><a href=\"http:\/\/videojuegos.utalca.cl\/wp-content\/uploads\/2020\/07\/Introduction-to-Dynamic-Difficulty-Adaptation-on-Videogames.pdf\">Exploring Dynamic Difficulty Adjustment in Videogames<\/a>. <strong>GK Sepulveda<\/strong>,<strong>\u00a0F Besoain<\/strong>, <strong>NA Barriga<\/strong>. <em>IEEE CHILEAN Conference on Electrical, Electronics Engineering, Information and Communication Technologies (CHILECON)<\/em>, 2019. [<a href=\"https:\/\/doi.org\/10.1109\/CHILECON47746.2019.8988068\">DOI<\/a>] [Scopus]<\/li><li><a href=\"http:\/\/videojuegos.utalca.cl\/wp-content\/uploads\/2020\/07\/Introduction-to-Behavior-Algorithms-for-Fighting-Games.pdf\">Introduction to Behavior Algorithms for Fighting Games<\/a>.<strong> I Gajardo<\/strong>, <strong>F Besoain<\/strong>, <strong>NA Barriga<\/strong>. <em>IEEE CHILEAN Conference on Electrical, Electronics Engineering, Information and Communication Technologies (CHILECON)<\/em>, 2019. [<a href=\"https:\/\/doi.org\/10.1109\/CHILECON47746.2019.8988008\">DOI<\/a>] [Scopus]<\/li><li>A framework for digitizing historical pieces for the development of interactive software. <strong>L Jeg\u00f3<\/strong>, <strong>C Aliaga<\/strong>,<strong> F Besoain<\/strong>. <em>IEEE CHILEAN Conference on Electrical, Electronics Engineering, Information and Communication Technologies (CHILECON)<\/em>, 2019. [Scopus]<\/li><li>Developing a Virtual Reality Experience with Game Elements for Tourism: Kayak Simulator.<strong> L Jego<\/strong>, I Gallardo,<strong> F Besoain<\/strong>. <em>IEEE CHILEAN Conference on Electrical, Electronics Engineering, Information and Communication Technologies (CHILECON)<\/em>, 2019. [Scopus]<\/li><li>A New Ground Power Unit (GPU) Supply for Aircraft Applications. M Rivera, D Faundez, J Kolar, P Wheeler, <strong>F Besoa\u00edn<\/strong>, JA Riveros. <em>IEEE Biennial Congress of Argentina (ARGENCON)<\/em>, 2018. [Scopus]<\/li><li>Improving the selection of IQF raspberries in processing lines: A Virtual Reality approach for training and selecting personnel. <strong>M Cervera<\/strong>, N Grandon, M Rivera, <strong>F Besoain<\/strong>. <em>IEEE Biennial Congress of Argentina (ARGENCON)<\/em>, 2018. [Scopus]<\/li><li>Automatizing the generation of a virtual tour of an architecture model through an information system. N Grandon, H Peldoza, <strong>F Besoain<\/strong>. <em>IEEE Biennial Congress of Argentina (ARGENCON)<\/em>, 2018. [Scopus]<\/li><li>Implementation of a Gamified Puzzle Based on Pro-origami Protein Structure Cartoons: An Experience in Virtual Reality. <strong>F Besoain<\/strong>, <strong>L Jego<\/strong>, M Arenas-Salinas. <em>IEEE Biennial Congress of Argentina (ARGENCON)<\/em>, 2018. [Scopus]<\/li><\/ul><p>Otros:<\/p><ul><li><a href=\"https:\/\/wg4fest.com\/ludorama-revista-videojuegos\/ludorama-verano-2021\/\">Inteligencia Artificial, Inmersi\u00f3n y videojuegos.<\/a> <strong>J Mor\u00e1n.<\/strong> Ludorama, 2021.<\/li><li><a href=\"https:\/\/ludology.usek.cl\/wp-content\/uploads\/2021\/01\/LUDOLOGYN2-2020-30-38.pdf\">Introducci\u00f3n a patrones de dise\u00f1o de software para el desarrollo de videojuegos.<\/a> <strong>H Schaa, F Besoain, NA Barriga. <\/strong>Ludology, 2020.<\/li><li><a href=\"https:\/\/ludology.usek.cl\/wp-content\/uploads\/2021\/01\/LUDOLOGYN2-2020-70-79.pdf\">El auge de las carreras profesionales de videojuegos en Chile.<\/a> <strong>C de la Fuente, S von Brand, NA Barriga. <\/strong>Ludology, 2020.<\/li><\/ul><\/div><\/div>\t\t<\/div>\n\t\t\t\t<\/div>\n\t\t\t\t<div class=\"elementor-element elementor-element-17c91e7 elementor-widget elementor-widget-spacer\" data-id=\"17c91e7\" data-element_type=\"widget\" data-widget_type=\"spacer.default\">\n\t\t\t\t<div class=\"elementor-widget-container\">\n\t\t\t\t\t<div class=\"elementor-spacer\">\n\t\t\t<div class=\"elementor-spacer-inner\"><\/div>\n\t\t<\/div>\n\t\t\t\t<\/div>\n\t\t\t\t<\/div>\n\t\t\t\t\t<\/div>\n\t\t<\/div>\n\t\t\t\t\t<\/div>\n\t\t<\/section>\n\t\t\t\t<section class=\"elementor-section elementor-top-section elementor-element elementor-element-3ed0557 elementor-section-boxed elementor-section-height-default elementor-section-height-default\" data-id=\"3ed0557\" data-element_type=\"section\">\n\t\t\t\t\t\t<div class=\"elementor-container elementor-column-gap-default\">\n\t\t\t\t\t<div class=\"elementor-column elementor-col-100 elementor-top-column elementor-element elementor-element-cd73547\" data-id=\"cd73547\" data-element_type=\"column\">\n\t\t\t<div class=\"elementor-widget-wrap elementor-element-populated\">\n\t\t\t\t\t\t<div class=\"elementor-element elementor-element-3636378 elementor-widget elementor-widget-heading\" data-id=\"3636378\" data-element_type=\"widget\" data-widget_type=\"heading.default\">\n\t\t\t\t<div class=\"elementor-widget-container\">\n\t\t\t<h2 class=\"elementor-heading-title elementor-size-default\">Memorias<\/h2>\t\t<\/div>\n\t\t\t\t<\/div>\n\t\t\t\t<div class=\"elementor-element elementor-element-59d37f4 text-justify elementor-widget elementor-widget-advanced-text-block\" data-id=\"59d37f4\" data-element_type=\"widget\" data-widget_type=\"advanced-text-block.default\">\n\t\t\t\t<div class=\"elementor-widget-container\">\n\t\t\t<div class=\"futurio_extra_adv_text_block \" ><div class=\"text-content-block\"><p>Memorias Tecnol\u00f3gicas:<\/p><ul><li>Videojuego con dificultad din\u00e1mica en base a la destreza del jugador en un ambiente no competitivo. <strong>I Gajardo.<\/strong> 2021. <a href=\"https:\/\/youtu.be\/zpLuCk3ja7A\">[Video Presentaci\u00f3n]<\/a><\/li><li>Dise\u00f1o y desarrollo del videojuego: Shintaro's Curse and The Soul Severing Blade.\u00a0<strong>J Rojas<\/strong>. 2021. <a href=\"https:\/\/youtu.be\/0-uj5Bfgrh0\">[Video Presentaci\u00f3n]<\/a><\/li><li><a href=\"http:\/\/dspace.utalca.cl\/handle\/1950\/12526\">Benji, un apoyo tecnol\u00f3gico y l\u00fadico para ni\u00f1os con TEA<\/a>. <strong>K Lopez<\/strong>. 2021. <a href=\"https:\/\/youtu.be\/-G2jxTD6Mi0\">[Video Presentaci\u00f3n]<\/a><\/li><li><a href=\"http:\/\/videojuegos.utalca.cl\/wp-content\/uploads\/2020\/09\/Jaime-Arancibia-Memoria-GDDV.pdf\">Desarrollo y an\u00e1lisis de videojuego con mec\u00e1nica de cooperaci\u00f3n online aleatoria<\/a>. <strong>J Arancibia<\/strong>. Memoria de doble titulaci\u00f3n con Escola Polit\u00e8cnica Superior, Universitat de Girona. 2020.<\/li><\/ul><p>Memorias de Investigaci\u00f3n:<\/p><ul><li>Development of a mixed-initiative tool for the procedural generation of biomes. <strong>G Sep\u00falveda<\/strong>. 2022.<\/li><li><a href=\"http:\/\/dspace.utalca.cl\/handle\/1950\/12527\">\"ElectroSim\": herramienta de apoyo y atenci\u00f3n en educaci\u00f3n online<\/a>. <strong>I Poblete<\/strong>. 2021. <a href=\"https:\/\/youtu.be\/EFtIZYFbn2w\">[Video Presentaci\u00f3n]<\/a><\/li><li><a href=\"http:\/\/dspace.utalca.cl\/handle\/1950\/12530\">Generaci\u00f3n Procedural de niveles\u00a0 interesantes de Sokoban<\/a>. <strong>H Schaa<\/strong>. 2021. <a href=\"https:\/\/youtu.be\/G43sJI2RxIw\">[Video Presentaci\u00f3n]<\/a><\/li><li><a href=\"http:\/\/videojuegos.utalca.cl\/wp-content\/uploads\/2020\/09\/TGF-Project-ADD-Adaptative-Difficulty-Dungeons-Elio-alenzuela.pdf\">Project ADD: Adaptative Difficulty Dungeons<\/a>. <strong>E Valenzuela<\/strong>. Memoria de doble titulaci\u00f3n con Escola Polit\u00e8cnica Superior, Universitat de Girona. 2020.<\/li><li><a href=\"http:\/\/videojuegos.utalca.cl\/wp-content\/uploads\/2020\/09\/Memoria-Jose-Riffo.pdf\">La influencia de los videojuegos en nuestra moral<\/a>.<strong> J Riffo<\/strong>. Memoria de doble titulaci\u00f3n con Escola Polit\u00e8cnica Superior, Universitat de Girona. 2020.<\/li><\/ul><\/div><\/div>\t\t<\/div>\n\t\t\t\t<\/div>\n\t\t\t\t<div class=\"elementor-element elementor-element-6f7af40 elementor-widget elementor-widget-spacer\" data-id=\"6f7af40\" data-element_type=\"widget\" data-widget_type=\"spacer.default\">\n\t\t\t\t<div class=\"elementor-widget-container\">\n\t\t\t\t\t<div class=\"elementor-spacer\">\n\t\t\t<div class=\"elementor-spacer-inner\"><\/div>\n\t\t<\/div>\n\t\t\t\t<\/div>\n\t\t\t\t<\/div>\n\t\t\t\t\t<\/div>\n\t\t<\/div>\n\t\t\t\t\t<\/div>\n\t\t<\/section>\n\t\t\t\t<\/div>\n\t\t","protected":false},"excerpt":{"rendered":"<p>Publicaciones Revistas Indexadas: An Evaluation of the Effects of a Virtual Museum on Users\u2019 Attitudes towards Cultural Heritage. F Besoain, J Gonz\u00e1lez-Ortega, I Gallardo. Applied Sciences, 2022. [DOI][Scopus\/WoS] Developing a virtual museum: Experience from the design and creation process. F Besoain, L Jego, I Gallardo. Information, 2021. [DOI][Scopus] Artificial Intelligence and Mobile Programming Courses for&hellip;<\/p>\n","protected":false},"author":4,"featured_media":0,"parent":0,"menu_order":0,"comment_status":"closed","ping_status":"closed","template":"","meta":{"footnotes":""},"_links":{"self":[{"href":"http:\/\/videojuegos.utalca.cl\/index.php\/wp-json\/wp\/v2\/pages\/262"}],"collection":[{"href":"http:\/\/videojuegos.utalca.cl\/index.php\/wp-json\/wp\/v2\/pages"}],"about":[{"href":"http:\/\/videojuegos.utalca.cl\/index.php\/wp-json\/wp\/v2\/types\/page"}],"author":[{"embeddable":true,"href":"http:\/\/videojuegos.utalca.cl\/index.php\/wp-json\/wp\/v2\/users\/4"}],"replies":[{"embeddable":true,"href":"http:\/\/videojuegos.utalca.cl\/index.php\/wp-json\/wp\/v2\/comments?post=262"}],"version-history":[{"count":27,"href":"http:\/\/videojuegos.utalca.cl\/index.php\/wp-json\/wp\/v2\/pages\/262\/revisions"}],"predecessor-version":[{"id":568,"href":"http:\/\/videojuegos.utalca.cl\/index.php\/wp-json\/wp\/v2\/pages\/262\/revisions\/568"}],"wp:attachment":[{"href":"http:\/\/videojuegos.utalca.cl\/index.php\/wp-json\/wp\/v2\/media?parent=262"}],"curies":[{"name":"wp","href":"https:\/\/api.w.org\/{rel}","templated":true}]}}