{"id":66,"date":"2019-11-11T20:20:52","date_gmt":"2019-11-11T20:20:52","guid":{"rendered":"http:\/\/videojuegos.utalca.cl\/?page_id=66"},"modified":"2025-11-25T13:04:04","modified_gmt":"2025-11-25T13:04:04","slug":"escuela","status":"publish","type":"page","link":"http:\/\/videojuegos.utalca.cl\/index.php\/escuela\/","title":{"rendered":"Escuela"},"content":{"rendered":"\t\t<div data-elementor-type=\"wp-page\" data-elementor-id=\"66\" class=\"elementor elementor-66\" data-elementor-post-type=\"page\">\n\t\t\t\t\t\t<section class=\"elementor-section elementor-top-section elementor-element elementor-element-1a2d803 elementor-section-stretched elementor-section-full_width elementor-section-height-default elementor-section-height-default\" data-id=\"1a2d803\" data-element_type=\"section\" data-settings=\"{&quot;stretch_section&quot;:&quot;section-stretched&quot;}\">\n\t\t\t\t\t\t<div class=\"elementor-container elementor-column-gap-no\">\n\t\t\t\t\t<div class=\"elementor-column elementor-col-100 elementor-top-column elementor-element elementor-element-379ee13\" data-id=\"379ee13\" data-element_type=\"column\">\n\t\t\t<div class=\"elementor-widget-wrap elementor-element-populated\">\n\t\t\t\t\t\t<div class=\"elementor-element elementor-element-79811d3 elementor-widget elementor-widget-template\" data-id=\"79811d3\" data-element_type=\"widget\" data-widget_type=\"template.default\">\n\t\t\t\t<div class=\"elementor-widget-container\">\n\t\t\t\t\t<div class=\"elementor-template\">\n\t\t\t\t\t<div data-elementor-type=\"section\" data-elementor-id=\"30\" class=\"elementor elementor-30\" data-elementor-post-type=\"elementor_library\">\n\t\t\t\t\t<section class=\"elementor-section elementor-top-section elementor-element elementor-element-8080ce0 elementor-section-stretched elementor-section-full_width elementor-section-height-min-height elementor-section-items-top elementor-section-height-default\" data-id=\"8080ce0\" data-element_type=\"section\" data-settings=\"{&quot;stretch_section&quot;:&quot;section-stretched&quot;}\">\n\t\t\t\t\t\t<div class=\"elementor-container elementor-column-gap-no\">\n\t\t\t\t\t<div class=\"elementor-column elementor-col-100 elementor-top-column elementor-element elementor-element-ff464f8\" data-id=\"ff464f8\" data-element_type=\"column\">\n\t\t\t<div class=\"elementor-widget-wrap elementor-element-populated\">\n\t\t\t\t\t\t<div class=\"elementor-element elementor-element-bd42d46 elementor--h-position-center elementor--v-position-middle elementor-widget elementor-widget-slides\" data-id=\"bd42d46\" data-element_type=\"widget\" data-settings=\"{&quot;navigation&quot;:&quot;none&quot;,&quot;autoplay&quot;:&quot;yes&quot;,&quot;pause_on_hover&quot;:&quot;yes&quot;,&quot;pause_on_interaction&quot;:&quot;yes&quot;,&quot;autoplay_speed&quot;:5000,&quot;infinite&quot;:&quot;yes&quot;,&quot;transition&quot;:&quot;slide&quot;,&quot;transition_speed&quot;:500}\" data-widget_type=\"slides.default\">\n\t\t\t\t<div class=\"elementor-widget-container\">\n\t\t\t\t\t<div class=\"elementor-swiper\">\n\t\t\t<div class=\"elementor-slides-wrapper elementor-main-swiper swiper\" dir=\"ltr\" data-animation=\"fadeInUp\">\n\t\t\t\t<div class=\"swiper-wrapper elementor-slides\">\n\t\t\t\t\t\t\t\t\t\t<div class=\"elementor-repeater-item-418dae7 swiper-slide\"><div class=\"swiper-slide-bg\" role=\"img\"><\/div><div class=\"elementor-background-overlay\"><\/div><div class=\"swiper-slide-inner\" ><div class=\"swiper-slide-contents\"><\/div><\/div><\/div><div class=\"elementor-repeater-item-95ac2a2 swiper-slide\"><div class=\"swiper-slide-bg\" role=\"img\"><\/div><div class=\"elementor-background-overlay\"><\/div><div class=\"swiper-slide-inner\" ><div class=\"swiper-slide-contents\"><\/div><\/div><\/div><div class=\"elementor-repeater-item-38e8703 swiper-slide\"><div class=\"swiper-slide-bg\" role=\"img\"><\/div><div class=\"elementor-background-overlay\"><\/div><div class=\"swiper-slide-inner\" ><div class=\"swiper-slide-contents\"><\/div><\/div><\/div>\t\t\t\t<\/div>\n\t\t\t\t\t\t\t\t\t\t\t\t\t\t\t\t\t\t\t\t\t<\/div>\n\t\t<\/div>\n\t\t\t\t<\/div>\n\t\t\t\t<\/div>\n\t\t\t\t<section class=\"elementor-section elementor-inner-section elementor-element elementor-element-89a94c0 elementor-section-boxed elementor-section-height-default elementor-section-height-default\" data-id=\"89a94c0\" data-element_type=\"section\">\n\t\t\t\t\t\t<div class=\"elementor-container elementor-column-gap-default\">\n\t\t\t\t\t<div class=\"elementor-column elementor-col-100 elementor-inner-column elementor-element elementor-element-ef5c6b5\" data-id=\"ef5c6b5\" data-element_type=\"column\">\n\t\t\t<div class=\"elementor-widget-wrap elementor-element-populated\">\n\t\t\t\t\t\t<div class=\"elementor-element elementor-element-85a63f9 elementor-widget elementor-widget-heading\" data-id=\"85a63f9\" data-element_type=\"widget\" data-widget_type=\"heading.default\">\n\t\t\t\t<div class=\"elementor-widget-container\">\n\t\t\t<h2 class=\"elementor-heading-title elementor-size-default\">Ingenier\u00eda en Desarrollo de Videojuegos y Realidad Virtual<\/h2>\t\t<\/div>\n\t\t\t\t<\/div>\n\t\t\t\t<div class=\"elementor-element elementor-element-a383781 elementor-widget elementor-widget-writing-effect-headline\" data-id=\"a383781\" data-element_type=\"widget\" data-widget_type=\"writing-effect-headline.default\">\n\t\t\t\t<div class=\"elementor-widget-container\">\n\t\t\t        <h3 class=\"futurio-extra-written-headline\" data-speed=\"50\" data-delay=\"1000\" data-loop=\"1\">\r\n        \r\n                    <span class=\"written-lines\">CREATIVIDAD\nINNOVACI\u00d3N\nDESARROLLO<\/span>\r\n        \r\n                <\/h3>\r\n        \t\t<\/div>\n\t\t\t\t<\/div>\n\t\t\t\t\t<\/div>\n\t\t<\/div>\n\t\t\t\t\t<\/div>\n\t\t<\/section>\n\t\t\t\t\t<\/div>\n\t\t<\/div>\n\t\t\t\t\t<\/div>\n\t\t<\/section>\n\t\t\t\t<section class=\"elementor-section elementor-top-section elementor-element elementor-element-8d99a03 elementor-section-boxed elementor-section-height-default elementor-section-height-default\" data-id=\"8d99a03\" data-element_type=\"section\">\n\t\t\t\t\t\t<div class=\"elementor-container elementor-column-gap-default\">\n\t\t\t\t\t<div class=\"elementor-column elementor-col-100 elementor-top-column elementor-element elementor-element-c30e4a5\" data-id=\"c30e4a5\" data-element_type=\"column\">\n\t\t\t<div class=\"elementor-widget-wrap elementor-element-populated\">\n\t\t\t\t\t\t<div class=\"elementor-element elementor-element-a3764ec elementor-shape-rounded elementor-grid-0 e-grid-align-center elementor-widget elementor-widget-social-icons\" data-id=\"a3764ec\" data-element_type=\"widget\" data-widget_type=\"social-icons.default\">\n\t\t\t\t<div class=\"elementor-widget-container\">\n\t\t\t\t\t<div class=\"elementor-social-icons-wrapper elementor-grid\">\n\t\t\t\t\t\t\t<span class=\"elementor-grid-item\">\n\t\t\t\t\t<a class=\"elementor-icon elementor-social-icon elementor-social-icon-twitter elementor-repeater-item-b70a6fd\" href=\"https:\/\/twitter.com\/idvrv\" target=\"_blank\">\n\t\t\t\t\t\t<span class=\"elementor-screen-only\">Twitter<\/span>\n\t\t\t\t\t\t<i class=\"fab fa-twitter\"><\/i>\t\t\t\t\t<\/a>\n\t\t\t\t<\/span>\n\t\t\t\t\t\t\t<span class=\"elementor-grid-item\">\n\t\t\t\t\t<a class=\"elementor-icon elementor-social-icon elementor-social-icon-facebook elementor-repeater-item-3bc83eb\" href=\"https:\/\/www.facebook.com\/IngenieriaVideojuegosUTalca\" target=\"_blank\">\n\t\t\t\t\t\t<span class=\"elementor-screen-only\">Facebook<\/span>\n\t\t\t\t\t\t<i class=\"fab fa-facebook\"><\/i>\t\t\t\t\t<\/a>\n\t\t\t\t<\/span>\n\t\t\t\t\t\t\t<span class=\"elementor-grid-item\">\n\t\t\t\t\t<a class=\"elementor-icon elementor-social-icon elementor-social-icon-instagram elementor-repeater-item-c5bfbb8\" href=\"https:\/\/www.instagram.com\/videojuegosutalca?utm_source=ig_web_button_share_sheet&#038;igsh=ZDNlZDc0MzIxNw==\" target=\"_blank\">\n\t\t\t\t\t\t<span class=\"elementor-screen-only\">Instagram<\/span>\n\t\t\t\t\t\t<i class=\"fab fa-instagram\"><\/i>\t\t\t\t\t<\/a>\n\t\t\t\t<\/span>\n\t\t\t\t\t\t\t<span class=\"elementor-grid-item\">\n\t\t\t\t\t<a class=\"elementor-icon elementor-social-icon elementor-social-icon-youtube elementor-repeater-item-09c7d7e\" href=\"https:\/\/www.youtube.com\/channel\/UCQ22FHAfF-GmnyTQlmNPbCA\" target=\"_blank\">\n\t\t\t\t\t\t<span class=\"elementor-screen-only\">Youtube<\/span>\n\t\t\t\t\t\t<i class=\"fab fa-youtube\"><\/i>\t\t\t\t\t<\/a>\n\t\t\t\t<\/span>\n\t\t\t\t\t\t\t<span class=\"elementor-grid-item\">\n\t\t\t\t\t<a class=\"elementor-icon elementor-social-icon elementor-social-icon-envelope elementor-repeater-item-7107956\" href=\"mailto:videojuegos@utalca.cl\" target=\"_blank\">\n\t\t\t\t\t\t<span class=\"elementor-screen-only\">Envelope<\/span>\n\t\t\t\t\t\t<i class=\"fas fa-envelope\"><\/i>\t\t\t\t\t<\/a>\n\t\t\t\t<\/span>\n\t\t\t\t\t<\/div>\n\t\t\t\t<\/div>\n\t\t\t\t<\/div>\n\t\t\t\t\t<\/div>\n\t\t<\/div>\n\t\t\t\t\t<\/div>\n\t\t<\/section>\n\t\t\t\t<\/div>\n\t\t\t\t<\/div>\n\t\t\t\t<\/div>\n\t\t\t\t<\/div>\n\t\t\t\t\t<\/div>\n\t\t<\/div>\n\t\t\t\t\t<\/div>\n\t\t<\/section>\n\t\t\t\t<section class=\"elementor-section elementor-top-section elementor-element elementor-element-fc5a8d3 elementor-section-boxed elementor-section-height-default elementor-section-height-default\" data-id=\"fc5a8d3\" data-element_type=\"section\" data-settings=\"{&quot;background_background&quot;:&quot;classic&quot;}\">\n\t\t\t\t\t\t<div class=\"elementor-container elementor-column-gap-default\">\n\t\t\t\t\t<div class=\"elementor-column elementor-col-100 elementor-top-column elementor-element elementor-element-cd5f00a\" data-id=\"cd5f00a\" data-element_type=\"column\">\n\t\t\t<div class=\"elementor-widget-wrap elementor-element-populated\">\n\t\t\t\t\t\t<section class=\"elementor-section elementor-inner-section elementor-element elementor-element-3287adc elementor-section-boxed elementor-section-height-default elementor-section-height-default\" data-id=\"3287adc\" data-element_type=\"section\">\n\t\t\t\t\t\t<div class=\"elementor-container elementor-column-gap-default\">\n\t\t\t\t\t<div class=\"elementor-column elementor-col-50 elementor-inner-column elementor-element elementor-element-930564f\" data-id=\"930564f\" data-element_type=\"column\">\n\t\t\t<div class=\"elementor-widget-wrap elementor-element-populated\">\n\t\t\t\t\t\t<div class=\"elementor-element elementor-element-5af65d1 elementor-widget elementor-widget-heading\" data-id=\"5af65d1\" data-element_type=\"widget\" data-widget_type=\"heading.default\">\n\t\t\t\t<div class=\"elementor-widget-container\">\n\t\t\t<h2 class=\"elementor-heading-title elementor-size-default\">Directora de Escuela<\/h2>\t\t<\/div>\n\t\t\t\t<\/div>\n\t\t\t\t\t<\/div>\n\t\t<\/div>\n\t\t\t\t<div class=\"elementor-column elementor-col-50 elementor-inner-column elementor-element elementor-element-3b6ec3e\" data-id=\"3b6ec3e\" data-element_type=\"column\">\n\t\t\t<div class=\"elementor-widget-wrap elementor-element-populated\">\n\t\t\t\t\t\t<div class=\"elementor-element elementor-element-52587c9 elementor-widget elementor-widget-heading\" data-id=\"52587c9\" data-element_type=\"widget\" data-widget_type=\"heading.default\">\n\t\t\t\t<div class=\"elementor-widget-container\">\n\t\t\t<h2 class=\"elementor-heading-title elementor-size-default\">Asistente de Escuela<\/h2>\t\t<\/div>\n\t\t\t\t<\/div>\n\t\t\t\t\t<\/div>\n\t\t<\/div>\n\t\t\t\t\t<\/div>\n\t\t<\/section>\n\t\t\t\t<section class=\"elementor-section elementor-inner-section elementor-element elementor-element-eb3eebd elementor-section-boxed elementor-section-height-default elementor-section-height-default\" data-id=\"eb3eebd\" data-element_type=\"section\">\n\t\t\t\t\t\t<div class=\"elementor-container elementor-column-gap-default\">\n\t\t\t\t\t<div class=\"elementor-column elementor-col-25 elementor-inner-column elementor-element elementor-element-6601261\" data-id=\"6601261\" data-element_type=\"column\">\n\t\t\t<div class=\"elementor-widget-wrap elementor-element-populated\">\n\t\t\t\t\t\t<div class=\"elementor-element elementor-element-c385df2 elementor-widget__width-initial elementor-widget elementor-widget-image\" data-id=\"c385df2\" data-element_type=\"widget\" data-widget_type=\"image.default\">\n\t\t\t\t<div class=\"elementor-widget-container\">\n\t\t\t\t\t\t\t\t\t\t\t\t\t<img decoding=\"async\" src=\"http:\/\/videojuegos.utalca.cl\/wp-content\/uploads\/elementor\/thumbs\/WhatsApp-Image-2024-10-28-at-3.27.07-PM-2-qw8hxisb79h1qm4uvqi36l025q2uilv8mme6fwxyog.jpeg\" title=\"CAliaga\" alt=\"CAliaga\" loading=\"lazy\" \/>\t\t\t\t\t\t\t\t\t\t\t\t\t<\/div>\n\t\t\t\t<\/div>\n\t\t\t\t\t<\/div>\n\t\t<\/div>\n\t\t\t\t<div class=\"elementor-column elementor-col-25 elementor-inner-column elementor-element elementor-element-4711d04\" data-id=\"4711d04\" data-element_type=\"column\">\n\t\t\t<div class=\"elementor-widget-wrap elementor-element-populated\">\n\t\t\t\t\t\t<div class=\"elementor-element elementor-element-1bb6490 elementor-widget elementor-widget-text-editor\" data-id=\"1bb6490\" data-element_type=\"widget\" data-widget_type=\"text-editor.default\">\n\t\t\t\t<div class=\"elementor-widget-container\">\n\t\t\t\t\t\t\t<p>Camila Elena Aliaga Vergara<\/p><p>camila.aliaga@utalca.cl<\/p>\t\t\t\t\t\t<\/div>\n\t\t\t\t<\/div>\n\t\t\t\t\t<\/div>\n\t\t<\/div>\n\t\t\t\t<div class=\"elementor-column elementor-col-25 elementor-inner-column elementor-element elementor-element-fac29da\" data-id=\"fac29da\" data-element_type=\"column\">\n\t\t\t<div class=\"elementor-widget-wrap elementor-element-populated\">\n\t\t\t\t\t\t<div class=\"elementor-element elementor-element-59664bb elementor-widget__width-initial elementor-widget elementor-widget-image\" data-id=\"59664bb\" data-element_type=\"widget\" data-widget_type=\"image.default\">\n\t\t\t\t<div class=\"elementor-widget-container\">\n\t\t\t\t\t\t\t\t\t\t\t\t\t<img decoding=\"async\" src=\"http:\/\/videojuegos.utalca.cl\/wp-content\/uploads\/elementor\/thumbs\/eolivos_1-qw8hj13vu7mwr16mhz058qn8gvi4ulc7mwbp3cfgls.jpg\" title=\"eolivos_1\" alt=\"eolivos_1\" loading=\"lazy\" \/>\t\t\t\t\t\t\t\t\t\t\t\t\t<\/div>\n\t\t\t\t<\/div>\n\t\t\t\t\t<\/div>\n\t\t<\/div>\n\t\t\t\t<div class=\"elementor-column elementor-col-25 elementor-inner-column elementor-element elementor-element-304fe17\" data-id=\"304fe17\" data-element_type=\"column\">\n\t\t\t<div class=\"elementor-widget-wrap elementor-element-populated\">\n\t\t\t\t\t\t<div class=\"elementor-element elementor-element-b973b70 elementor-widget elementor-widget-text-editor\" data-id=\"b973b70\" data-element_type=\"widget\" data-widget_type=\"text-editor.default\">\n\t\t\t\t<div class=\"elementor-widget-container\">\n\t\t\t\t\t\t\t<p>Elizabeth Olivos Montoya<\/p><p>eolivos@utalca.cl<\/p>\t\t\t\t\t\t<\/div>\n\t\t\t\t<\/div>\n\t\t\t\t\t<\/div>\n\t\t<\/div>\n\t\t\t\t\t<\/div>\n\t\t<\/section>\n\t\t\t\t\t<\/div>\n\t\t<\/div>\n\t\t\t\t\t<\/div>\n\t\t<\/section>\n\t\t\t\t<section class=\"elementor-section elementor-top-section elementor-element elementor-element-3132341 elementor-section-boxed elementor-section-height-default elementor-section-height-default\" data-id=\"3132341\" data-element_type=\"section\" data-settings=\"{&quot;background_background&quot;:&quot;classic&quot;}\">\n\t\t\t\t\t\t<div class=\"elementor-container elementor-column-gap-default\">\n\t\t\t\t\t<div class=\"elementor-column elementor-col-100 elementor-top-column elementor-element elementor-element-9dfdefa\" data-id=\"9dfdefa\" data-element_type=\"column\">\n\t\t\t<div class=\"elementor-widget-wrap elementor-element-populated\">\n\t\t\t\t\t\t<div class=\"elementor-element elementor-element-5dd8003 elementor-widget elementor-widget-heading\" data-id=\"5dd8003\" data-element_type=\"widget\" data-widget_type=\"heading.default\">\n\t\t\t\t<div class=\"elementor-widget-container\">\n\t\t\t<h2 class=\"elementor-heading-title elementor-size-default\">Descripci\u00f3n<\/h2>\t\t<\/div>\n\t\t\t\t<\/div>\n\t\t\t\t<div class=\"elementor-element elementor-element-67b611e elementor-widget elementor-widget-text-editor\" data-id=\"67b611e\" data-element_type=\"widget\" data-widget_type=\"text-editor.default\">\n\t\t\t\t<div class=\"elementor-widget-container\">\n\t\t\t\t\t\t\t<p>La carrera de Ingenier\u00eda en Desarrollo de Videojuegos y Realidad Virtual tiene como prop\u00f3sito formar profesionales integrales con base en ciencias de la ingenier\u00eda, que dise\u00f1an, implementan y eval\u00faan experiencias de simulaci\u00f3n virtual, videojuegos y sistemas y tecnolog\u00edas inteligentes para resolver problemas complejos interdisciplinarios, mediante soluciones creativas, innovadoras y sostenibles.<\/p>\n<p>Quienes egresan abordan problemas complejos con responsabilidad social y una visi\u00f3n \u00e9tica, creativa, sostenible e interdisciplinaria, adapt\u00e1ndose a un entorno tecnol\u00f3gico en constante evoluci\u00f3n, considerando necesidades, oportunidades y restricciones en un contexto nacional e internacional.<\/p>\n<p><span style=\"letter-spacing: 0px;\">Los egresados de la carrera de Ingenier\u00eda en Desarrollo de Videojuegos y Realidad Virtual de la Universidad de Talca son profesionales integrales capaces de desenvolverse en entornos multi e interdisciplinarios, dise\u00f1ando, implementando y evaluando proyectos innovadores de sistemas inteligentes, experiencias de simulaci\u00f3n virtual y videojuegos. Esto, por medio de la integraci\u00f3n de tecnolog\u00edas en un entorno global con enfoque \u00e9tico y sostenible. Cuentan con una s\u00f3lida base en ciencias de la ingenier\u00eda, y competencias que les permite contribuir al desarrollo de la industria y al avance de la disciplina. Asimismo, su formaci\u00f3n les permite analizar y resolver problemas complejos mediante el pensamiento cr\u00edtico, la aplicaci\u00f3n de m\u00e9todos matem\u00e1ticos, cient\u00edficos, ingenieriles y creativos con enfoque inclusivo, y responsabilidad social. Tambi\u00e9n, poseen habilidades de comunicaci\u00f3n, liderazgo, trabajo colaborativo y autonom\u00eda, permiti\u00e9ndoles integrarse en equipos diversos para alcanzar objetivos comunes y adaptarse a nuevas tecnolog\u00edas y tendencias. Adem\u00e1s, se encuentran capacitados para desempe\u00f1arse en las diversas \u00e1reas de la profesi\u00f3n tales como industrias tecnol\u00f3gicas y creativas, emprendimientos o continuar con estudios de postgrado a nivel nacional e internacional.<\/span><span style=\"letter-spacing: 0px;\"><br><\/span><\/p>\n<p><span style=\"letter-spacing: 0px;\">&nbsp;<\/span><\/p>\t\t\t\t\t\t<\/div>\n\t\t\t\t<\/div>\n\t\t\t\t\t<\/div>\n\t\t<\/div>\n\t\t\t\t\t<\/div>\n\t\t<\/section>\n\t\t\t\t<\/div>\n\t\t","protected":false},"excerpt":{"rendered":"<p>Directora de Escuela Asistente de Escuela Camila Elena Aliaga Vergara camila.aliaga@utalca.cl Elizabeth Olivos Montoya eolivos@utalca.cl Descripci\u00f3n La carrera de Ingenier\u00eda en Desarrollo de Videojuegos y Realidad Virtual tiene como prop\u00f3sito formar profesionales integrales con base en ciencias de la ingenier\u00eda, que dise\u00f1an, implementan y eval\u00faan experiencias de simulaci\u00f3n virtual, videojuegos y sistemas y tecnolog\u00edas inteligentes&hellip;<\/p>\n","protected":false},"author":1,"featured_media":0,"parent":0,"menu_order":0,"comment_status":"closed","ping_status":"closed","template":"","meta":{"footnotes":""},"_links":{"self":[{"href":"http:\/\/videojuegos.utalca.cl\/index.php\/wp-json\/wp\/v2\/pages\/66"}],"collection":[{"href":"http:\/\/videojuegos.utalca.cl\/index.php\/wp-json\/wp\/v2\/pages"}],"about":[{"href":"http:\/\/videojuegos.utalca.cl\/index.php\/wp-json\/wp\/v2\/types\/page"}],"author":[{"embeddable":true,"href":"http:\/\/videojuegos.utalca.cl\/index.php\/wp-json\/wp\/v2\/users\/1"}],"replies":[{"embeddable":true,"href":"http:\/\/videojuegos.utalca.cl\/index.php\/wp-json\/wp\/v2\/comments?post=66"}],"version-history":[{"count":34,"href":"http:\/\/videojuegos.utalca.cl\/index.php\/wp-json\/wp\/v2\/pages\/66\/revisions"}],"predecessor-version":[{"id":868,"href":"http:\/\/videojuegos.utalca.cl\/index.php\/wp-json\/wp\/v2\/pages\/66\/revisions\/868"}],"wp:attachment":[{"href":"http:\/\/videojuegos.utalca.cl\/index.php\/wp-json\/wp\/v2\/media?parent=66"}],"curies":[{"name":"wp","href":"https:\/\/api.w.org\/{rel}","templated":true}]}}